{"id":2344,"date":"2018-09-25T09:15:20","date_gmt":"2018-09-25T08:15:20","guid":{"rendered":"http:\/\/jpsystem.be\/?page_id=2344"},"modified":"2018-09-26T14:53:47","modified_gmt":"2018-09-26T13:53:47","slug":"articles","status":"publish","type":"page","link":"https:\/\/jpsystem.be\/","title":{"rendered":"Maintenance"},"content":{"rendered":"\t\t<div data-elementor-type=\"wp-post\" data-elementor-id=\"2344\" class=\"elementor elementor-2344 elementor-bc-flex-widget\" data-elementor-settings=\"[]\">\n\t\t\t\t\t\t<div class=\"elementor-inner\">\n\t\t\t\t\t\t\t<div class=\"elementor-section-wrap\">\n\t\t\t\t\t\t\t<section class=\"elementor-section elementor-top-section elementor-element elementor-element-a591de8 elementor-section-boxed elementor-section-height-default elementor-section-height-default\" data-id=\"a591de8\" data-element_type=\"section\">\n\t\t\t\t\t\t<div class=\"elementor-container elementor-column-gap-default\">\n\t\t\t\t\t\t\t<div class=\"elementor-row\">\n\t\t\t\t\t<div class=\"elementor-column elementor-col-50 elementor-top-column elementor-element elementor-element-8f82876\" data-id=\"8f82876\" data-element_type=\"column\">\n\t\t\t<div class=\"elementor-column-wrap elementor-element-populated\">\n\t\t\t\t\t\t\t<div class=\"elementor-widget-wrap\">\n\t\t\t\t\t\t<div class=\"elementor-element elementor-element-c40afc1 elementor-arrows-position-inside elementor-widget elementor-widget-image-carousel\" data-id=\"c40afc1\" data-element_type=\"widget\" data-settings=\"{&quot;slides_to_show&quot;:&quot;1&quot;,&quot;navigation&quot;:&quot;arrows&quot;,&quot;autoplay&quot;:&quot;yes&quot;,&quot;pause_on_hover&quot;:&quot;yes&quot;,&quot;pause_on_interaction&quot;:&quot;yes&quot;,&quot;autoplay_speed&quot;:5000,&quot;infinite&quot;:&quot;yes&quot;,&quot;effect&quot;:&quot;slide&quot;,&quot;speed&quot;:500}\" data-widget_type=\"image-carousel.default\">\n\t\t\t\t<div class=\"elementor-widget-container\">\n\t\t\t\t\t<div class=\"elementor-image-carousel-wrapper swiper-container\" dir=\"ltr\">\n\t\t\t<div class=\"elementor-image-carousel swiper-wrapper swiper-image-stretch\">\n\t\t\t\t<div class=\"swiper-slide\"><figure class=\"swiper-slide-inner\"><img class=\"swiper-slide-image\" src=\"https:\/\/jpsystem.be\/wp-content\/uploads\/2018\/09\/396237-PCIN6X-56-min-1024x683.jpg\" alt=\"396237-PCIN6X-56-min\" \/><\/figure><\/div><div class=\"swiper-slide\"><figure class=\"swiper-slide-inner\"><img class=\"swiper-slide-image\" src=\"https:\/\/jpsystem.be\/wp-content\/uploads\/2018\/09\/OAI11X0-min-1024x684.jpg\" alt=\"OAI11X0-min\" \/><\/figure><\/div><div class=\"swiper-slide\"><figure class=\"swiper-slide-inner\"><img class=\"swiper-slide-image\" src=\"https:\/\/jpsystem.be\/wp-content\/uploads\/2018\/09\/30174-min-1024x512.jpg\" alt=\"30174-min\" \/><\/figure><\/div>\t\t\t<\/div>\n\t\t\t\t\t\t\t\t\t\t\t\t\t\t\t\t<div class=\"elementor-swiper-button elementor-swiper-button-prev\">\n\t\t\t\t\t\t<i class=\"eicon-chevron-left\" aria-hidden=\"true\"><\/i>\n\t\t\t\t\t\t<span class=\"elementor-screen-only\">Pr\u00e9c\u00e9dent<\/span>\n\t\t\t\t\t<\/div>\n\t\t\t\t\t<div class=\"elementor-swiper-button elementor-swiper-button-next\">\n\t\t\t\t\t\t<i class=\"eicon-chevron-right\" aria-hidden=\"true\"><\/i>\n\t\t\t\t\t\t<span class=\"elementor-screen-only\">Suivant<\/span>\n\t\t\t\t\t<\/div>\n\t\t\t\t\t\t\t\t\t<\/div>\n\t\t\t\t<\/div>\n\t\t\t\t<\/div>\n\t\t\t\t\t\t<\/div>\n\t\t\t\t\t<\/div>\n\t\t<\/div>\n\t\t\t\t<div class=\"elementor-column elementor-col-50 elementor-top-column elementor-element elementor-element-80f1953\" data-id=\"80f1953\" data-element_type=\"column\">\n\t\t\t<div class=\"elementor-column-wrap elementor-element-populated\">\n\t\t\t\t\t\t\t<div class=\"elementor-widget-wrap\">\n\t\t\t\t\t\t<div class=\"elementor-element elementor-element-cfebceb elementor-widget elementor-widget-text-editor\" data-id=\"cfebceb\" data-element_type=\"widget\" data-widget_type=\"text-editor.default\">\n\t\t\t\t<div class=\"elementor-widget-container\">\n\t\t\t\t\t<div class=\"elementor-text-editor elementor-clearfix\"><p>Confiez nous la gestion de votre informatique. Nous en assurons le d\u00e9pannage et la maintenance.<\/p><p>JPSYSTEM propose des contrats de maintenance informatique sous forme d\u2019achat de packs d\u2019heures \u00e0 utiliser mensuellement \u00e0 votre meilleure convenance. Les heures non utilis\u00e9es sont report\u00e9es au mois suivant (pendant 2 mois maximum).Toutes les heures suppl\u00e9mentaires prest\u00e9es hors pack seront factur\u00e9es au tarif horaire.<br \/>En dehors de ces formules, vous pouvez b\u00e9n\u00e9ficier d\u2019interventions de maintenance informatique pontuelle au tarif horaire<\/p><p>Tarif horaire : 60 \u20ac \/h<\/p><\/div>\n\t\t\t\t<\/div>\n\t\t\t\t<\/div>\n\t\t\t\t\t\t<\/div>\n\t\t\t\t\t<\/div>\n\t\t<\/div>\n\t\t\t\t\t\t\t\t<\/div>\n\t\t\t\t\t<\/div>\n\t\t<\/section>\n\t\t\t\t\t\t<\/div>\n\t\t\t\t\t\t<\/div>\n\t\t\t\t\t<\/div>\n\t\t","protected":false},"excerpt":{"rendered":"<p>Confiez nous la gestion de votre informatique. Nous en assurons le d\u00e9pannage et la maintenance. JPSYSTEM propose des contrats de maintenance informatique sous forme d\u2019achat de packs d\u2019heures \u00e0 utiliser mensuellement \u00e0 votre meilleure convenance. Les heures non utilis\u00e9es sont report\u00e9es au mois suivant (pendant 2 mois maximum).Toutes les heures suppl\u00e9mentaires prest\u00e9es hors pack seront &hellip;<\/p>\n<p class=\"read-more\"> <a class=\"\" href=\"https:\/\/jpsystem.be\/\"> <span class=\"screen-reader-text\">Maintenance<\/span> Lire la suite\u00a0\u00bb<\/a><\/p>\n","protected":false},"author":1,"featured_media":0,"parent":0,"menu_order":0,"comment_status":"closed","ping_status":"closed","template":"","meta":[],"_links":{"self":[{"href":"https:\/\/jpsystem.be\/index.php\/wp-json\/wp\/v2\/pages\/2344"}],"collection":[{"href":"https:\/\/jpsystem.be\/index.php\/wp-json\/wp\/v2\/pages"}],"about":[{"href":"https:\/\/jpsystem.be\/index.php\/wp-json\/wp\/v2\/types\/page"}],"author":[{"embeddable":true,"href":"https:\/\/jpsystem.be\/index.php\/wp-json\/wp\/v2\/users\/1"}],"replies":[{"embeddable":true,"href":"https:\/\/jpsystem.be\/index.php\/wp-json\/wp\/v2\/comments?post=2344"}],"version-history":[{"count":12,"href":"https:\/\/jpsystem.be\/index.php\/wp-json\/wp\/v2\/pages\/2344\/revisions"}],"predecessor-version":[{"id":2477,"href":"https:\/\/jpsystem.be\/index.php\/wp-json\/wp\/v2\/pages\/2344\/revisions\/2477"}],"wp:attachment":[{"href":"https:\/\/jpsystem.be\/index.php\/wp-json\/wp\/v2\/media?parent=2344"}],"curies":[{"name":"wp","href":"https:\/\/api.w.org\/{rel}","templated":true}]}}