{"id":2369,"date":"2018-09-25T09:54:29","date_gmt":"2018-09-25T08:54:29","guid":{"rendered":"http:\/\/jpsystem.be\/?page_id=2369"},"modified":"2018-09-26T14:54:25","modified_gmt":"2018-09-26T13:54:25","slug":"videosurveillance","status":"publish","type":"page","link":"https:\/\/jpsystem.be\/index.php\/videosurveillance\/","title":{"rendered":"Vid\u00e9osurveillance"},"content":{"rendered":"\t\t<div data-elementor-type=\"wp-post\" data-elementor-id=\"2369\" class=\"elementor elementor-2369 elementor-bc-flex-widget\" data-elementor-settings=\"[]\">\n\t\t\t\t\t\t<div class=\"elementor-inner\">\n\t\t\t\t\t\t\t<div class=\"elementor-section-wrap\">\n\t\t\t\t\t\t\t<section class=\"elementor-section elementor-top-section elementor-element elementor-element-8ad17e5 elementor-section-boxed elementor-section-height-default elementor-section-height-default\" data-id=\"8ad17e5\" data-element_type=\"section\">\n\t\t\t\t\t\t<div class=\"elementor-container elementor-column-gap-default\">\n\t\t\t\t\t\t\t<div class=\"elementor-row\">\n\t\t\t\t\t<div class=\"elementor-column elementor-col-50 elementor-top-column elementor-element elementor-element-d617614\" data-id=\"d617614\" data-element_type=\"column\">\n\t\t\t<div class=\"elementor-column-wrap elementor-element-populated\">\n\t\t\t\t\t\t\t<div class=\"elementor-widget-wrap\">\n\t\t\t\t\t\t<div class=\"elementor-element elementor-element-ddbda7d elementor-arrows-position-inside elementor-widget elementor-widget-image-carousel\" data-id=\"ddbda7d\" data-element_type=\"widget\" data-settings=\"{&quot;slides_to_show&quot;:&quot;1&quot;,&quot;navigation&quot;:&quot;arrows&quot;,&quot;autoplay&quot;:&quot;yes&quot;,&quot;pause_on_hover&quot;:&quot;yes&quot;,&quot;pause_on_interaction&quot;:&quot;yes&quot;,&quot;autoplay_speed&quot;:5000,&quot;infinite&quot;:&quot;yes&quot;,&quot;effect&quot;:&quot;slide&quot;,&quot;speed&quot;:500}\" data-widget_type=\"image-carousel.default\">\n\t\t\t\t<div class=\"elementor-widget-container\">\n\t\t\t\t\t<div class=\"elementor-image-carousel-wrapper swiper-container\" dir=\"ltr\">\n\t\t\t<div class=\"elementor-image-carousel swiper-wrapper swiper-image-stretch\">\n\t\t\t\t<div class=\"swiper-slide\"><figure class=\"swiper-slide-inner\"><img class=\"swiper-slide-image\" src=\"https:\/\/jpsystem.be\/wp-content\/uploads\/2018\/09\/axis.jpg\" alt=\"axis\" \/><\/figure><\/div><div class=\"swiper-slide\"><figure class=\"swiper-slide-inner\"><img class=\"swiper-slide-image\" src=\"https:\/\/jpsystem.be\/wp-content\/uploads\/2018\/09\/axis-companion-product-set.jpg\" alt=\"axis-companion-product-set\" \/><\/figure><\/div><div class=\"swiper-slide\"><figure class=\"swiper-slide-inner\"><img class=\"swiper-slide-image\" src=\"https:\/\/jpsystem.be\/wp-content\/uploads\/2018\/09\/cctv-alt-banner-1024x373.jpg\" alt=\"cctv-alt-banner\" \/><\/figure><\/div><div class=\"swiper-slide\"><figure class=\"swiper-slide-inner\"><img class=\"swiper-slide-image\" src=\"https:\/\/jpsystem.be\/wp-content\/uploads\/2018\/09\/1422514191__1.png\" alt=\"1422514191__1\" \/><\/figure><\/div><div class=\"swiper-slide\"><figure class=\"swiper-slide-inner\"><img class=\"swiper-slide-image\" src=\"https:\/\/jpsystem.be\/wp-content\/uploads\/2018\/09\/Synology-Surveillance-Station-7.jpg\" alt=\"Synology-Surveillance-Station-7\" \/><\/figure><\/div>\t\t\t<\/div>\n\t\t\t\t\t\t\t\t\t\t\t\t\t\t\t\t<div class=\"elementor-swiper-button elementor-swiper-button-prev\">\n\t\t\t\t\t\t<i class=\"eicon-chevron-left\" aria-hidden=\"true\"><\/i>\n\t\t\t\t\t\t<span class=\"elementor-screen-only\">Pr\u00e9c\u00e9dent<\/span>\n\t\t\t\t\t<\/div>\n\t\t\t\t\t<div class=\"elementor-swiper-button elementor-swiper-button-next\">\n\t\t\t\t\t\t<i class=\"eicon-chevron-right\" aria-hidden=\"true\"><\/i>\n\t\t\t\t\t\t<span class=\"elementor-screen-only\">Suivant<\/span>\n\t\t\t\t\t<\/div>\n\t\t\t\t\t\t\t\t\t<\/div>\n\t\t\t\t<\/div>\n\t\t\t\t<\/div>\n\t\t\t\t\t\t<\/div>\n\t\t\t\t\t<\/div>\n\t\t<\/div>\n\t\t\t\t<div class=\"elementor-column elementor-col-50 elementor-top-column elementor-element elementor-element-7826248\" data-id=\"7826248\" data-element_type=\"column\">\n\t\t\t<div class=\"elementor-column-wrap elementor-element-populated\">\n\t\t\t\t\t\t\t<div class=\"elementor-widget-wrap\">\n\t\t\t\t\t\t<div class=\"elementor-element elementor-element-c04a3d6 elementor-widget elementor-widget-text-editor\" data-id=\"c04a3d6\" data-element_type=\"widget\" data-widget_type=\"text-editor.default\">\n\t\t\t\t<div class=\"elementor-widget-container\">\n\t\t\t\t\t<div class=\"elementor-text-editor elementor-clearfix\"><p>Entreprise ou Particulier \u00e0 la recherche d\u2019une solution de vid\u00e9osurveillance, ne cherchez plus vous \u00eates \u00e0 la bonne adresse.<\/p><p>Des solutions sur mesure! Nous \u00e9tudions vos besoins et nous vous proposons la solution de vid\u00e9osurveillance la plus adapt\u00e9e. Nous disposons d\u2019une large gamme de cam\u00e9ras et d\u2019enregistreurs analogiques CCTV mais \u00e9galement de cam\u00e9ras et d\u2019enregistreurs num\u00e9riques haute r\u00e9solution.<\/p><\/div>\n\t\t\t\t<\/div>\n\t\t\t\t<\/div>\n\t\t\t\t\t\t<\/div>\n\t\t\t\t\t<\/div>\n\t\t<\/div>\n\t\t\t\t\t\t\t\t<\/div>\n\t\t\t\t\t<\/div>\n\t\t<\/section>\n\t\t\t\t<section class=\"elementor-section elementor-top-section elementor-element elementor-element-bf0fabc elementor-section-boxed elementor-section-height-default elementor-section-height-default\" data-id=\"bf0fabc\" data-element_type=\"section\">\n\t\t\t\t\t\t<div class=\"elementor-container elementor-column-gap-default\">\n\t\t\t\t\t\t\t<div class=\"elementor-row\">\n\t\t\t\t\t<div class=\"elementor-column elementor-col-100 elementor-top-column elementor-element elementor-element-02ed864\" data-id=\"02ed864\" data-element_type=\"column\">\n\t\t\t<div class=\"elementor-column-wrap elementor-element-populated\">\n\t\t\t\t\t\t\t<div class=\"elementor-widget-wrap\">\n\t\t\t\t\t\t<div class=\"elementor-element elementor-element-ba158ce elementor-widget elementor-widget-text-editor\" data-id=\"ba158ce\" data-element_type=\"widget\" data-widget_type=\"text-editor.default\">\n\t\t\t\t<div class=\"elementor-widget-container\">\n\t\t\t\t\t<div class=\"elementor-text-editor elementor-clearfix\"><\/div>\n\t\t\t\t<\/div>\n\t\t\t\t<\/div>\n\t\t\t\t\t\t<\/div>\n\t\t\t\t\t<\/div>\n\t\t<\/div>\n\t\t\t\t\t\t\t\t<\/div>\n\t\t\t\t\t<\/div>\n\t\t<\/section>\n\t\t\t\t\t\t<\/div>\n\t\t\t\t\t\t<\/div>\n\t\t\t\t\t<\/div>\n\t\t","protected":false},"excerpt":{"rendered":"<p>Entreprise ou Particulier \u00e0 la recherche d\u2019une solution de vid\u00e9osurveillance, ne cherchez plus vous \u00eates \u00e0 la bonne adresse. Des solutions sur mesure! Nous \u00e9tudions vos besoins et nous vous proposons la solution de vid\u00e9osurveillance la plus adapt\u00e9e. Nous disposons d\u2019une large gamme de cam\u00e9ras et d\u2019enregistreurs analogiques CCTV mais \u00e9galement de cam\u00e9ras et d\u2019enregistreurs &hellip;<\/p>\n<p class=\"read-more\"> <a class=\"\" href=\"https:\/\/jpsystem.be\/index.php\/videosurveillance\/\"> <span class=\"screen-reader-text\">Vid\u00e9osurveillance<\/span> Lire la suite\u00a0\u00bb<\/a><\/p>\n","protected":false},"author":1,"featured_media":0,"parent":0,"menu_order":0,"comment_status":"closed","ping_status":"closed","template":"","meta":[],"_links":{"self":[{"href":"https:\/\/jpsystem.be\/index.php\/wp-json\/wp\/v2\/pages\/2369"}],"collection":[{"href":"https:\/\/jpsystem.be\/index.php\/wp-json\/wp\/v2\/pages"}],"about":[{"href":"https:\/\/jpsystem.be\/index.php\/wp-json\/wp\/v2\/types\/page"}],"author":[{"embeddable":true,"href":"https:\/\/jpsystem.be\/index.php\/wp-json\/wp\/v2\/users\/1"}],"replies":[{"embeddable":true,"href":"https:\/\/jpsystem.be\/index.php\/wp-json\/wp\/v2\/comments?post=2369"}],"version-history":[{"count":6,"href":"https:\/\/jpsystem.be\/index.php\/wp-json\/wp\/v2\/pages\/2369\/revisions"}],"predecessor-version":[{"id":2480,"href":"https:\/\/jpsystem.be\/index.php\/wp-json\/wp\/v2\/pages\/2369\/revisions\/2480"}],"wp:attachment":[{"href":"https:\/\/jpsystem.be\/index.php\/wp-json\/wp\/v2\/media?parent=2369"}],"curies":[{"name":"wp","href":"https:\/\/api.w.org\/{rel}","templated":true}]}}